{"id":14,"date":"2024-08-13T21:14:20","date_gmt":"2024-08-13T21:14:20","guid":{"rendered":"https:\/\/dataconexion.cl\/index.php\/mesmerize\/"},"modified":"2024-08-14T13:12:37","modified_gmt":"2024-08-14T13:12:37","slug":"mesmerize","status":"publish","type":"page","link":"https:\/\/dataconexion.cl\/","title":{"rendered":"Front Page"},"content":{"rendered":"<div  id=\"features-10\" style=\"background-color: #ffffff;\" data-label=\"Features\" data-id=\"features-16-card-bordered\" data-export-id=\"features-16-card-bordered\" data-category=\"features\" class=\"features-16-card-bordered content-section content-section-spacing\"><div  class=\"gridContainer\"> <div  class=\"row text-center\"><div  class=\"section-title-col\" data-type=\"column\"> <h2  class=\"\">Experiencia y Profesionalismo en Soluciones de Infraestructura Tecnol\u00f3gica<\/h2> <p  class=\"lead\">Dataconexi\u00f3n ofrece soluciones tecnol\u00f3gicas especializadas en cableado estructurado, fibra \u00f3ptica, CCTV y salas multimedia. Nos dedicamos a optimizar la infraestructura tecnol\u00f3gica de empresas, garantizando conectividad confiable y sistemas eficientes<\/p><\/div> <\/div> <div  class=\"row spaced-cols\" data-type=\"row\"> <div  class=\"col-xs-12 col-sm-6 col-md-4\"> <div  class=\"card no-padding bordered y-move\"> <img  decoding=\"async\" class=\"face\" src=\"https:\/\/dataconexion.cl\/wp-content\/uploads\/2024\/08\/cropped-1.1.png\" title=\"cropped-1.1.png\" alt=\"\"> <div  data-type=\"column\" class=\"col-padding-small col-padding-small-xs description-container\"> <h4  class=\"font-500\">SERVICIOS: SALAS MULTIMEDIA<\/h4> <p  class=\"\">Proyectos para implementaci\u00f3n de<br >salas multimedia ,instalaci\u00f3n de<br >telones, jaulas para datas show,<br >cableados :usb, hdmi, vga, etc.<\/p><\/div> <div  data-type=\"column\" class=\"col-padding-small col-padding-small-xs read-more-container\"><a  class=\"read-more\">learn more<\/a><\/div> <\/div><\/div> <div  class=\"col-xs-12 col-sm-6 col-md-4\"><div  class=\"card no-padding bordered y-move\"> <img  decoding=\"async\" class=\"face\" src=\"https:\/\/dataconexion.cl\/wp-content\/uploads\/2024\/08\/cropped-cropped-1.2.png\" title=\"cropped-cropped-1.2.png\" alt=\"\"> <div  data-type=\"column\" class=\"col-padding-small col-padding-small-xs description-container\"> <h4  class=\"font-500\">SERVICIOS: CABLEADOS ESTRUCTURADOS<\/h4> <p  class=\"\">Desarrollamos la instalaci\u00f3n y<br >administraci\u00f3n de cableados<br >estructurados en sus distintas<br >categor\u00edas 5,6,6A.<\/p><\/div> <div  data-type=\"column\" class=\"col-padding-small col-padding-small-xs read-more-container\"><a  class=\"read-more\">learn more<\/a><\/div> <\/div><\/div> <div  class=\"col-xs-12 col-sm-6 col-md-4\"><div  class=\"card no-padding bordered y-move\"> <img  decoding=\"async\" class=\"face\" src=\"https:\/\/dataconexion.cl\/wp-content\/uploads\/2024\/08\/cropped-1.3.png\" title=\"cropped-1.3.png\" alt=\"\"> <div  data-type=\"column\" class=\"col-padding-small col-padding-small-xs description-container\"> <h4  class=\"font-500\">SERVICIOS: FIBRA \u00d3PTICA<\/h4> <p  class=\"\">\uf0fc Instalaci\u00f3n y mantenci\u00f3n de<br >proyectos de fibra \u00f3ptica para los<br >distintos nodos de comunicaciones.<br >\uf0fc Terminaciones LC, ST, FC, etc.<\/p><\/div> <div  data-type=\"column\" class=\"col-padding-small col-padding-small-xs read-more-container\"><a  class=\"read-more\">learn more<\/a><\/div> <\/div><\/div> <\/div><\/div> <\/div>","protected":false},"excerpt":{"rendered":"<p>Experiencia y Profesionalismo en Soluciones de Infraestructura Tecnol\u00f3gica Dataconexi\u00f3n ofrece soluciones tecnol\u00f3gicas especializadas en cableado estructurado, fibra \u00f3ptica, CCTV y salas multimedia. Nos dedicamos a optimizar la infraestructura tecnol\u00f3gica de empresas, garantizando conectividad confiable y sistemas eficientes SERVICIOS: SALAS MULTIMEDIA Proyectos para implementaci\u00f3n desalas multimedia ,instalaci\u00f3n detelones, jaulas para datas show,cableados :usb, hdmi, vga, etc.&hellip; <br \/> <a class=\"read-more\" href=\"https:\/\/dataconexion.cl\/\">Leer m\u00e1s<\/a><\/p>\n","protected":false},"author":1,"featured_media":0,"parent":0,"menu_order":0,"comment_status":"closed","ping_status":"closed","template":"page-templates\/homepage.php","meta":{"footnotes":""},"class_list":["post-14","page","type-page","status-publish","hentry"],"_links":{"self":[{"href":"https:\/\/dataconexion.cl\/index.php\/wp-json\/wp\/v2\/pages\/14","targetHints":{"allow":["GET"]}}],"collection":[{"href":"https:\/\/dataconexion.cl\/index.php\/wp-json\/wp\/v2\/pages"}],"about":[{"href":"https:\/\/dataconexion.cl\/index.php\/wp-json\/wp\/v2\/types\/page"}],"author":[{"embeddable":true,"href":"https:\/\/dataconexion.cl\/index.php\/wp-json\/wp\/v2\/users\/1"}],"replies":[{"embeddable":true,"href":"https:\/\/dataconexion.cl\/index.php\/wp-json\/wp\/v2\/comments?post=14"}],"version-history":[{"count":6,"href":"https:\/\/dataconexion.cl\/index.php\/wp-json\/wp\/v2\/pages\/14\/revisions"}],"predecessor-version":[{"id":41,"href":"https:\/\/dataconexion.cl\/index.php\/wp-json\/wp\/v2\/pages\/14\/revisions\/41"}],"wp:attachment":[{"href":"https:\/\/dataconexion.cl\/index.php\/wp-json\/wp\/v2\/media?parent=14"}],"curies":[{"name":"wp","href":"https:\/\/api.w.org\/{rel}","templated":true}]}}